{"id":6262,"date":"2021-07-20T09:22:54","date_gmt":"2021-07-20T13:22:54","guid":{"rendered":"https:\/\/qewcreditridev.wpengine.com\/?page_id=6262"},"modified":"2021-11-16T13:08:15","modified_gmt":"2021-11-16T18:08:15","slug":"home-new","status":"publish","type":"page","link":"https:\/\/qewcreditriver.ca\/fr\/home-new\/","title":{"rendered":"Home New"},"content":{"rendered":"<div data-elementor-type=\"wp-page\" data-elementor-id=\"6262\" class=\"elementor elementor-6262\" data-elementor-post-type=\"page\">\n\t\t\t\t\t\t<section class=\"elementor-section elementor-top-section elementor-element elementor-element-ef95416 elementor-section-boxed elementor-section-height-default elementor-section-height-default\" data-id=\"ef95416\" data-element_type=\"section\" data-e-type=\"section\" data-settings=\"{&quot;background_background&quot;:&quot;classic&quot;}\">\n\t\t\t\t\t\t<div class=\"elementor-container elementor-column-gap-default\">\n\t\t\t\t\t<div class=\"elementor-column elementor-col-100 elementor-top-column elementor-element elementor-element-2b55bdb\" data-id=\"2b55bdb\" data-element_type=\"column\" data-e-type=\"column\">\n\t\t\t<div class=\"elementor-widget-wrap elementor-element-populated\">\n\t\t\t\t\t\t<div class=\"elementor-element elementor-element-e57d9c1 elementor-widget__width-auto elementor-widget-tablet__width-inherit elementor-widget elementor-widget-heading\" data-id=\"e57d9c1\" data-element_type=\"widget\" data-e-type=\"widget\" data-widget_type=\"heading.default\">\n\t\t\t\t<div class=\"elementor-widget-container\">\n\t\t\t\t\t<h1 class=\"elementor-heading-title elementor-size-default\">PROJET D\u2019AM\u00c9LIORATION DE L\u2019AUTOROUTE QEW ET DU PONT DE LA RIVI\u00c8RE CREDIT<\/h1>\t\t\t\t<\/div>\n\t\t\t\t<\/div>\n\t\t\t\t<div class=\"elementor-element elementor-element-660c912 elementor-widget__width-auto elementor-widget-tablet__width-inherit elementor-widget elementor-widget-button\" data-id=\"660c912\" data-element_type=\"widget\" data-e-type=\"widget\" data-widget_type=\"button.default\">\n\t\t\t\t<div class=\"elementor-widget-container\">\n\t\t\t\t\t\t\t\t\t<div class=\"elementor-button-wrapper\">\n\t\t\t\t\t<a class=\"elementor-button elementor-button-link elementor-size-sm\" href=\"https:\/\/qewcreditriver.ca\/fr\/about-this-project\/\">\n\t\t\t\t\t\t<span class=\"elementor-button-content-wrapper\">\n\t\t\t\t\t\t\t\t\t<span class=\"elementor-button-text\">Tous les d\u00e9tails<\/span>\n\t\t\t\t\t<\/span>\n\t\t\t\t\t<\/a>\n\t\t\t\t<\/div>\n\t\t\t\t\t\t\t\t<\/div>\n\t\t\t\t<\/div>\n\t\t\t\t\t<\/div>\n\t\t<\/div>\n\t\t\t\t\t<\/div>\n\t\t<\/section>\n\t\t\t\t<section class=\"elementor-section elementor-top-section elementor-element elementor-element-9f9e948 elementor-section-boxed elementor-section-height-default elementor-section-height-default\" data-id=\"9f9e948\" data-element_type=\"section\" data-e-type=\"section\" data-settings=\"{&quot;background_background&quot;:&quot;classic&quot;}\">\n\t\t\t\t\t\t<div class=\"elementor-container elementor-column-gap-default\">\n\t\t\t\t\t<div class=\"elementor-column elementor-col-100 elementor-top-column elementor-element elementor-element-736e988\" data-id=\"736e988\" data-element_type=\"column\" data-e-type=\"column\">\n\t\t\t<div class=\"elementor-widget-wrap elementor-element-populated\">\n\t\t\t\t\t\t<div class=\"elementor-element elementor-element-d01318b elementor-widget elementor-widget-heading\" data-id=\"d01318b\" data-element_type=\"widget\" data-e-type=\"widget\" data-widget_type=\"heading.default\">\n\t\t\t\t<div class=\"elementor-widget-container\">\n\t\t\t\t\t<h2 class=\"elementor-heading-title elementor-size-default\">Le rapport de conception et de construction #3 sera disponible le 20 octobre 2021.<\/h2>\t\t\t\t<\/div>\n\t\t\t\t<\/div>\n\t\t\t\t<section class=\"elementor-section elementor-inner-section elementor-element elementor-element-57d5e77 elementor-section-boxed elementor-section-height-default elementor-section-height-default\" data-id=\"57d5e77\" data-element_type=\"section\" data-e-type=\"section\">\n\t\t\t\t\t\t<div class=\"elementor-container elementor-column-gap-default\">\n\t\t\t\t\t<div class=\"elementor-column elementor-col-50 elementor-inner-column elementor-element elementor-element-13da546\" data-id=\"13da546\" data-element_type=\"column\" data-e-type=\"column\">\n\t\t\t<div class=\"elementor-widget-wrap elementor-element-populated\">\n\t\t\t\t\t\t<div class=\"elementor-element elementor-element-dff3932 elementor-widget elementor-widget-text-editor\" data-id=\"dff3932\" data-element_type=\"widget\" data-e-type=\"widget\" data-widget_type=\"text-editor.default\">\n\t\t\t\t<div class=\"elementor-widget-container\">\n\t\t\t\t\t\t\t\t\t<p>The Design and Construction Report (DCR) #3, will be available on the project website for a 30-day stakeholder review and comment period beginning<strong> October 20, 2021<\/strong> and ending on November 19, 2021.<\/p>\t\t\t\t\t\t\t\t<\/div>\n\t\t\t\t<\/div>\n\t\t\t\t<div class=\"elementor-element elementor-element-7dddd9f elementor-align-center elementor-widget elementor-widget-button\" data-id=\"7dddd9f\" data-element_type=\"widget\" data-e-type=\"widget\" data-widget_type=\"button.default\">\n\t\t\t\t<div class=\"elementor-widget-container\">\n\t\t\t\t\t\t\t\t\t<div class=\"elementor-button-wrapper\">\n\t\t\t\t\t<a class=\"elementor-button elementor-button-link elementor-size-sm\" href=\"https:\/\/qewcreditriver.ca\/fr\/ea-reports\/\">\n\t\t\t\t\t\t<span class=\"elementor-button-content-wrapper\">\n\t\t\t\t\t\t\t\t\t<span class=\"elementor-button-text\">VIEW DCR #3<\/span>\n\t\t\t\t\t<\/span>\n\t\t\t\t\t<\/a>\n\t\t\t\t<\/div>\n\t\t\t\t\t\t\t\t<\/div>\n\t\t\t\t<\/div>\n\t\t\t\t\t<\/div>\n\t\t<\/div>\n\t\t\t\t<div class=\"elementor-column elementor-col-50 elementor-inner-column elementor-element elementor-element-990c39b\" data-id=\"990c39b\" data-element_type=\"column\" data-e-type=\"column\">\n\t\t\t<div class=\"elementor-widget-wrap elementor-element-populated\">\n\t\t\t\t\t\t<div class=\"elementor-element elementor-element-0625e68 elementor-widget elementor-widget-heading\" data-id=\"0625e68\" data-element_type=\"widget\" data-e-type=\"widget\" data-widget_type=\"heading.default\">\n\t\t\t\t<div class=\"elementor-widget-container\">\n\t\t\t\t\t<h3 class=\"elementor-heading-title elementor-size-default\"> Le rapport de conception et de construction #3<\/h3>\t\t\t\t<\/div>\n\t\t\t\t<\/div>\n\t\t\t\t<div class=\"elementor-element elementor-element-e8e4f25 elementor-widget elementor-widget-image\" data-id=\"e8e4f25\" data-element_type=\"widget\" data-e-type=\"widget\" data-widget_type=\"image.default\">\n\t\t\t\t<div class=\"elementor-widget-container\">\n\t\t\t\t\t\t\t\t\t\t\t\t\t\t\t<img fetchpriority=\"high\" decoding=\"async\" width=\"232\" height=\"300\" src=\"https:\/\/qewcreditriver.ca\/wp-content\/uploads\/2021\/10\/DCR3-Notice-Eng-232x300.png\" class=\"attachment-medium size-medium wp-image-7792\" alt=\"First Page of Notice of Design and Construction Notice 3\" srcset=\"https:\/\/qewcreditriver.ca\/wp-content\/uploads\/2021\/10\/DCR3-Notice-Eng-232x300.png 232w, https:\/\/qewcreditriver.ca\/wp-content\/uploads\/2021\/10\/DCR3-Notice-Eng-791x1024.png 791w, https:\/\/qewcreditriver.ca\/wp-content\/uploads\/2021\/10\/DCR3-Notice-Eng-768x994.png 768w, https:\/\/qewcreditriver.ca\/wp-content\/uploads\/2021\/10\/DCR3-Notice-Eng-1187x1536.png 1187w, https:\/\/qewcreditriver.ca\/wp-content\/uploads\/2021\/10\/DCR3-Notice-Eng-1583x2048.png 1583w, https:\/\/qewcreditriver.ca\/wp-content\/uploads\/2021\/10\/DCR3-Notice-Eng-9x12.png 9w, https:\/\/qewcreditriver.ca\/wp-content\/uploads\/2021\/10\/DCR3-Notice-Eng-464x600.png 464w, https:\/\/qewcreditriver.ca\/wp-content\/uploads\/2021\/10\/DCR3-Notice-Eng-433x560.png 433w, https:\/\/qewcreditriver.ca\/wp-content\/uploads\/2021\/10\/DCR3-Notice-Eng-1320x1708.png 1320w\" sizes=\"(max-width: 232px) 100vw, 232px\" \/>\t\t\t\t\t\t\t\t\t\t\t\t\t\t\t<\/div>\n\t\t\t\t<\/div>\n\t\t\t\t<div class=\"elementor-element elementor-element-5c0aa82 elementor-align-center elementor-icon-list--layout-traditional elementor-list-item-link-full_width elementor-widget elementor-widget-icon-list\" data-id=\"5c0aa82\" data-element_type=\"widget\" data-e-type=\"widget\" data-widget_type=\"icon-list.default\">\n\t\t\t\t<div class=\"elementor-widget-container\">\n\t\t\t\t\t\t\t<ul class=\"elementor-icon-list-items\">\n\t\t\t\t\t\t\t<li class=\"elementor-icon-list-item\">\n\t\t\t\t\t\t\t\t\t\t\t<a href=\"https:\/\/qewcreditriver.ca\/wp-content\/uploads\/2021\/10\/QEWCR-SUB-GEN-ENV-NTC-004-R1-DCR3-Notice-002_FR-FINAL.pdf\">\n\n\t\t\t\t\t\t\t\t\t\t\t\t<span class=\"elementor-icon-list-icon\">\n\t\t\t\t\t\t\t<i aria-hidden=\"true\" class=\"fas fa-download\"><\/i>\t\t\t\t\t\t<\/span>\n\t\t\t\t\t\t\t\t\t\t<span class=\"elementor-icon-list-text\">Click to download the Notice in English.<\/span>\n\t\t\t\t\t\t\t\t\t\t\t<\/a>\n\t\t\t\t\t\t\t\t\t<\/li>\n\t\t\t\t\t\t\t\t<li class=\"elementor-icon-list-item\">\n\t\t\t\t\t\t\t\t\t\t\t<a href=\"https:\/\/qewcreditriver.ca\/wp-content\/uploads\/2021\/10\/QEWCR-SUB-GEN-ENV-NTC-004-R1-DCR3-Notice-002_FR-FINAL.pdf\">\n\n\t\t\t\t\t\t\t\t\t\t\t\t<span class=\"elementor-icon-list-icon\">\n\t\t\t\t\t\t\t<i aria-hidden=\"true\" class=\"fas fa-download\"><\/i>\t\t\t\t\t\t<\/span>\n\t\t\t\t\t\t\t\t\t\t<span class=\"elementor-icon-list-text\">Click to download the Notice in French.<\/span>\n\t\t\t\t\t\t\t\t\t\t\t<\/a>\n\t\t\t\t\t\t\t\t\t<\/li>\n\t\t\t\t\t\t<\/ul>\n\t\t\t\t\t\t<\/div>\n\t\t\t\t<\/div>\n\t\t\t\t\t<\/div>\n\t\t<\/div>\n\t\t\t\t\t<\/div>\n\t\t<\/section>\n\t\t\t\t\t<\/div>\n\t\t<\/div>\n\t\t\t\t\t<\/div>\n\t\t<\/section>\n\t\t\t\t<section class=\"elementor-section elementor-top-section elementor-element elementor-element-210c680 elementor-section-boxed elementor-section-height-default elementor-section-height-default\" data-id=\"210c680\" data-element_type=\"section\" data-e-type=\"section\">\n\t\t\t\t\t\t<div class=\"elementor-container elementor-column-gap-default\">\n\t\t\t\t\t<div class=\"elementor-column elementor-col-50 elementor-top-column elementor-element elementor-element-8a072a3\" data-id=\"8a072a3\" data-element_type=\"column\" data-e-type=\"column\">\n\t\t\t<div class=\"elementor-widget-wrap elementor-element-populated\">\n\t\t\t\t\t\t<div class=\"elementor-element elementor-element-f8fa7e2 elementor-widget elementor-widget-text-editor\" data-id=\"f8fa7e2\" data-element_type=\"widget\" data-e-type=\"widget\" data-widget_type=\"text-editor.default\">\n\t\t\t\t<div class=\"elementor-widget-container\">\n\t\t\t\t\t\t\t\t\t<p>Le projet d\u2019am\u00e9lioration de l\u2019autoroute Queen Elizabeth Way (QEW) et du pont de la rivi\u00e8re Credit s\u2019\u00e9tend sur environ 2,6 km, \u00e0 partir de l\u2019ouest de la rue Hurontario jusqu\u2019\u00e0 l\u2019ouest du chemin Mississauga, dans la ville de Mississauga (r\u00e9gion de Peel).<\/p><p>Le projet se compose des \u00e9l\u00e9ments suivants:<\/p><ul><li>la construction d\u2019un nouveau pont double au nord du pont actuel de la rivi\u00e8re Credit;<\/li><li>la remise en \u00e9tat du pont existant de la rivi\u00e8re Credit;<\/li><li>l\u2019\u00e9largissement et l\u2019am\u00e9lioration de l\u2019autoroute QEW;<\/li><li>le remplacement du passage sup\u00e9rieur du chemin Mississauga;<\/li><li>l\u2019am\u00e9lioration et la reconfiguration de l\u2019\u00e9changeur du chemin Mississauga; et<\/li><li>la construction de travers\u00e9es de transport actif (et de l\u2019infrastructure connexe) enjambant l\u2019autoroute QEW et la rivi\u00e8re Credit (pour la ville de Mississauga).<\/li><\/ul>\t\t\t\t\t\t\t\t<\/div>\n\t\t\t\t<\/div>\n\t\t\t\t\t<\/div>\n\t\t<\/div>\n\t\t\t\t<div class=\"elementor-column elementor-col-50 elementor-top-column elementor-element elementor-element-b3a9a23\" data-id=\"b3a9a23\" data-element_type=\"column\" data-e-type=\"column\">\n\t\t\t<div class=\"elementor-widget-wrap elementor-element-populated\">\n\t\t\t\t\t\t<div class=\"elementor-element elementor-element-df3ab7c elementor-widget elementor-widget-image\" data-id=\"df3ab7c\" data-element_type=\"widget\" data-e-type=\"widget\" data-widget_type=\"image.default\">\n\t\t\t\t<div class=\"elementor-widget-container\">\n\t\t\t\t\t\t\t\t\t\t\t\t\t\t\t<img decoding=\"async\" width=\"800\" height=\"470\" src=\"https:\/\/qewcreditriver.ca\/wp-content\/uploads\/2020\/11\/Map-Insert-French.jpg\" class=\"attachment-large size-large wp-image-4319\" alt=\"English version of the QEW Credit River Map\" srcset=\"https:\/\/qewcreditriver.ca\/wp-content\/uploads\/2020\/11\/Map-Insert-French.jpg 1081w, https:\/\/qewcreditriver.ca\/wp-content\/uploads\/2020\/11\/Map-Insert-French-300x175.jpg 300w, https:\/\/qewcreditriver.ca\/wp-content\/uploads\/2020\/11\/Map-Insert-French-1024x598.jpg 1024w, https:\/\/qewcreditriver.ca\/wp-content\/uploads\/2020\/11\/Map-Insert-French-768x448.jpg 768w, https:\/\/qewcreditriver.ca\/wp-content\/uploads\/2020\/11\/Map-Insert-French-16x9.jpg 16w, https:\/\/qewcreditriver.ca\/wp-content\/uploads\/2020\/11\/Map-Insert-French-600x350.jpg 600w, https:\/\/qewcreditriver.ca\/wp-content\/uploads\/2020\/11\/Map-Insert-French-560x327.jpg 560w\" sizes=\"(max-width: 800px) 100vw, 800px\" \/>\t\t\t\t\t\t\t\t\t\t\t\t\t\t\t<\/div>\n\t\t\t\t<\/div>\n\t\t\t\t\t<\/div>\n\t\t<\/div>\n\t\t\t\t\t<\/div>\n\t\t<\/section>\n\t\t\t\t<section class=\"elementor-section elementor-top-section elementor-element elementor-element-bba5b37 elementor-section-boxed elementor-section-height-default elementor-section-height-default\" data-id=\"bba5b37\" data-element_type=\"section\" data-e-type=\"section\">\n\t\t\t\t\t\t<div class=\"elementor-container elementor-column-gap-default\">\n\t\t\t\t\t<div class=\"elementor-column elementor-col-100 elementor-top-column elementor-element elementor-element-9949a36\" data-id=\"9949a36\" data-element_type=\"column\" data-e-type=\"column\">\n\t\t\t<div class=\"elementor-widget-wrap elementor-element-populated\">\n\t\t\t\t\t\t<div class=\"elementor-element elementor-element-d4fb99e elementor-widget elementor-widget-text-editor\" data-id=\"d4fb99e\" data-element_type=\"widget\" data-e-type=\"widget\" data-widget_type=\"text-editor.default\">\n\t\t\t\t<div class=\"elementor-widget-container\">\n\t\t\t\t\t\t\t\t\t<p>Le minist\u00e8re des Transports de l\u2019Ontario (MTO) et Infrastructure Ontario (IO) ont retenu les services d\u2019EllisDon and Coco Paving (EDCO) pour concevoir, construire et financer le projet d\u2019am\u00e9lioration de l\u2019autoroute QEW et du pont de la rivi\u00e8re Credit dans le cadre d\u2019un partenariat public-priv\u00e9 (P3).<\/p><p>Ce projet est achev\u00e9 selon le mode de r\u00e9alisation conception-construction-financement (CCF). Dans le cadre de ce mode de r\u00e9alisation, la conception d\u00e9taill\u00e9e et la construction peuvent avoir lieu simultan\u00e9ment, \u00e0 mesure que le projet avance et que les autorisations environnementales sont obtenues.<\/p><p class=\"translation-block\">Pour obtenir une description du processus d\u2019\u00e9valuation environnementale li\u00e9e \u00e0 la conception d\u00e9taill\u00e9e et \u00e0 la construction du projet, reportez-vous \u00e0 la page <strong><a href=\"https:\/\/qewcreditriver.ca\/fr\/ea-process\/\" target=\"_self\" role=\"link\">Processus EE<\/a><\/strong>.<\/p><p class=\"translation-block\">La conception pr\u00e9liminaire du projet a \u00e9t\u00e9 r\u00e9alis\u00e9e en 2013, et la conception d\u00e9taill\u00e9e et la construction actuelles sont accomplies en suivant le processus de planification approuv\u00e9 pour un projet du groupe \u00ab B \u00bb, conform\u00e9ment au document \u00ab \u00c9valuation environnementale de port\u00e9e g\u00e9n\u00e9rale pour les routes provinciales \u00bb (2000) du MTO. Pour obtenir de plus amples renseignements sur le processus d\u2019\u00e9valuation environnementale de port\u00e9e g\u00e9n\u00e9rale, reportez-vous \u00e0 la page <strong><a href=\"https:\/\/qewcreditriver.ca\/fr\/ea-process\/\" target=\"_self\" role=\"link\">Processus EE<\/a><\/strong>.<\/p>\t\t\t\t\t\t\t\t<\/div>\n\t\t\t\t<\/div>\n\t\t\t\t\t<\/div>\n\t\t<\/div>\n\t\t\t\t\t<\/div>\n\t\t<\/section>\n\t\t\t\t<\/div>","protected":false},"excerpt":{"rendered":"<p>QEW\/Credit River Improvement Project Full Details The Design and Construction Report #3 The Design and Construction Report (DCR) #3, will be available on the project website for a 30-day stakeholder review and comment period beginning October 20, 2021 and ending on November 19, 2021. VIEW DCR #3 Notice of Completion of Design and Construction Report [&hellip;]<\/p>\n","protected":false},"author":3,"featured_media":0,"parent":0,"menu_order":0,"comment_status":"closed","ping_status":"closed","template":"elementor_header_footer","meta":{"footnotes":""},"class_list":["post-6262","page","type-page","status-publish","hentry"],"_links":{"self":[{"href":"https:\/\/qewcreditriver.ca\/fr\/wp-json\/wp\/v2\/pages\/6262","targetHints":{"allow":["GET"]}}],"collection":[{"href":"https:\/\/qewcreditriver.ca\/fr\/wp-json\/wp\/v2\/pages"}],"about":[{"href":"https:\/\/qewcreditriver.ca\/fr\/wp-json\/wp\/v2\/types\/page"}],"author":[{"embeddable":true,"href":"https:\/\/qewcreditriver.ca\/fr\/wp-json\/wp\/v2\/users\/3"}],"replies":[{"embeddable":true,"href":"https:\/\/qewcreditriver.ca\/fr\/wp-json\/wp\/v2\/comments?post=6262"}],"version-history":[{"count":0,"href":"https:\/\/qewcreditriver.ca\/fr\/wp-json\/wp\/v2\/pages\/6262\/revisions"}],"wp:attachment":[{"href":"https:\/\/qewcreditriver.ca\/fr\/wp-json\/wp\/v2\/media?parent=6262"}],"curies":[{"name":"wp","href":"https:\/\/api.w.org\/{rel}","templated":true}]}}