{"id":10469,"date":"2025-12-18T09:51:17","date_gmt":"2025-12-18T14:51:17","guid":{"rendered":"https:\/\/qewcreditriver.ca\/?page_id=10469"},"modified":"2026-02-10T15:14:08","modified_gmt":"2026-02-10T20:14:08","slug":"news","status":"publish","type":"page","link":"https:\/\/qewcreditriver.ca\/fr\/news\/","title":{"rendered":"Les nouvelles"},"content":{"rendered":"<div data-elementor-type=\"wp-page\" data-elementor-id=\"10469\" class=\"elementor elementor-10469\" data-elementor-post-type=\"page\">\n\t\t\t\t\t\t<section class=\"elementor-section elementor-top-section elementor-element elementor-element-53e3f08 elementor-section-boxed elementor-section-height-default elementor-section-height-default\" data-id=\"53e3f08\" data-element_type=\"section\" data-e-type=\"section\">\n\t\t\t\t\t\t<div class=\"elementor-container elementor-column-gap-default\">\n\t\t\t\t\t<div class=\"elementor-column elementor-col-100 elementor-top-column elementor-element elementor-element-67e836bf\" data-id=\"67e836bf\" data-element_type=\"column\" data-e-type=\"column\">\n\t\t\t<div class=\"elementor-widget-wrap elementor-element-populated\">\n\t\t\t\t\t\t<div class=\"elementor-element elementor-element-3683b6d8 elementor-widget elementor-widget-text-editor\" data-id=\"3683b6d8\" data-element_type=\"widget\" data-e-type=\"widget\" data-widget_type=\"text-editor.default\">\n\t\t\t\t<div class=\"elementor-widget-container\">\n\t\t\t\t\t\t\t\t\t<p><span style=\"font-size: 1rem;\">Les travaux essentiels du projet d'am\u00e9lioration de la rivi\u00e8re Credit sur l'autoroute QEW ont \u00e9t\u00e9 achev\u00e9s comme pr\u00e9vu l'an dernier, notamment :&nbsp;<\/span><\/p>\n<ul style=\"margin-top: 0cm;\" type=\"disc\">\n<li>The new twin bridge, currently carrying both eastbound and westbound QEW traffic lanes;<\/li>\n<li>Un \u00e9changeur modernis\u00e9 sur Mississauga Road et un viaduc \u00e9largi;<\/li>\n<li>De nouveaux sentiers r\u00e9cr\u00e9atifs polyvalents, dont un pont reliant les sentiers situ\u00e9s de chaque c\u00f4t\u00e9 de la rivi\u00e8re Credit;<\/li>\n<li>Des bassins de r\u00e9tention des eaux pluviales et un syst\u00e8me de drainage des eaux pluviales am\u00e9lior\u00e9; et<\/li>\n<li>La r\u00e9habilitation du pont historique de la rivi\u00e8re Credit.<\/li>\n<\/ul>\n<p><span lang=\"EN-US\">Lors des travaux de construction en 2024, des art\u00e9facts autochtones ont \u00e9t\u00e9 d\u00e9couverts dans le secteur des voies de l'autoroute QEW, sur le pont d'origine, \u00e0 l'extr\u00e9mit\u00e9 est du site. En raison de cette d\u00e9couverte, les travaux \u00e0 cet endroit ont \u00e9t\u00e9 interrompus afin de permettre des fouilles arch\u00e9ologiques. Ces fouilles se poursuivront jusqu'en 2026.<\/span><\/p>\n<p>Une fois les fouilles termin\u00e9es, le minist\u00e8re des Transports de l'Ontario (MTO) engagera une entreprise de construction pour terminer les travaux restants, notamment:<\/p>\n<ul>\n<li>la passerelle pi\u00e9tonne nord-sud; et<\/li><li>l'infrastructure d'aqueduc souterraine;<\/li>\n<li>re-installation of noise walls; and,<\/li>\n<li>l'ouverture des voies de l'autoroute QEW sur le pont historique ainsi que de la bretelle d'acc\u00e8s est \u00e0 l'autoroute QEW.<\/li>\n<\/ul>\n<p><span style=\"font-size: 1rem;\">&nbsp;<\/span><\/p>\n<p><span style=\"font-size: 1rem;\">Une mise \u00e0 jour sera publi\u00e9e plus tard en 2026.<\/span><\/p>\n<p><!-- \/wp:paragraph --><!-- wp:paragraph --><\/p>\n<p><!-- \/wp:paragraph --><!-- wp:paragraph --><\/p>\n<p><!-- \/wp:paragraph --><\/p>\t\t\t\t\t\t\t\t<\/div>\n\t\t\t\t<\/div>\n\t\t\t\t\t<\/div>\n\t\t<\/div>\n\t\t\t\t\t<\/div>\n\t\t<\/section>\n\t\t\t\t<\/div>","protected":false},"excerpt":{"rendered":"<p>Critical works on the QEW Credit River Improvement Project were completed on schedule last year, including:&nbsp; The new twin bridge, currently carrying both eastbound and westbound QEW traffic lanes; A modernized Mississauga Road interchange and widened overpass; New multi-use recreational trails, including a bridge connecting trails on&nbsp;opposite sides of the Credit River; Stormwater ponds and [&hellip;]<\/p>\n","protected":false},"author":13,"featured_media":0,"parent":0,"menu_order":0,"comment_status":"closed","ping_status":"closed","template":"","meta":{"footnotes":""},"class_list":["post-10469","page","type-page","status-publish","hentry"],"_links":{"self":[{"href":"https:\/\/qewcreditriver.ca\/fr\/wp-json\/wp\/v2\/pages\/10469","targetHints":{"allow":["GET"]}}],"collection":[{"href":"https:\/\/qewcreditriver.ca\/fr\/wp-json\/wp\/v2\/pages"}],"about":[{"href":"https:\/\/qewcreditriver.ca\/fr\/wp-json\/wp\/v2\/types\/page"}],"author":[{"embeddable":true,"href":"https:\/\/qewcreditriver.ca\/fr\/wp-json\/wp\/v2\/users\/13"}],"replies":[{"embeddable":true,"href":"https:\/\/qewcreditriver.ca\/fr\/wp-json\/wp\/v2\/comments?post=10469"}],"version-history":[{"count":0,"href":"https:\/\/qewcreditriver.ca\/fr\/wp-json\/wp\/v2\/pages\/10469\/revisions"}],"wp:attachment":[{"href":"https:\/\/qewcreditriver.ca\/fr\/wp-json\/wp\/v2\/media?parent=10469"}],"curies":[{"name":"wp","href":"https:\/\/api.w.org\/{rel}","templated":true}]}}